{"id":24,"date":"2025-09-08T12:52:22","date_gmt":"2025-09-08T12:52:22","guid":{"rendered":"https:\/\/dozispastries.com\/?page_id=24"},"modified":"2026-03-08T19:38:33","modified_gmt":"2026-03-08T18:38:33","slug":"fooldal","status":"publish","type":"page","link":"https:\/\/dozispastries.com\/en\/fooldal\/","title":{"rendered":"Home"},"content":{"rendered":"<p>[et_pb_section fb_built=&#8221;1&#8243; _builder_version=&#8221;4.27.5&#8243; _module_preset=&#8221;default&#8221; background_color=&#8221;#FBF4E8&#8243; min_height=&#8221;96vh&#8221; min_height_tablet=&#8221;96vh&#8221; min_height_phone=&#8221;96vh&#8221; min_height_last_edited=&#8221;on|tablet&#8221; custom_padding=&#8221;0px||0px||true|false&#8221; custom_css_main_element=&#8221;display: flex;||flex-wrap: wrap;||align-content: center;&#8221; global_colors_info=&#8221;{}&#8221;][et_pb_row custom_padding_last_edited=&#8221;on|phone&#8221; _builder_version=&#8221;4.27.5&#8243; _module_preset=&#8221;default&#8221; custom_margin=&#8221;-45px||||false|false&#8221; custom_margin_tablet=&#8221;60px||||false|false&#8221; custom_margin_phone=&#8221;50px||||false|false&#8221; custom_margin_last_edited=&#8221;on|tablet&#8221; custom_padding=&#8221;||5px||false|false&#8221; custom_padding_tablet=&#8221;||0px||false|false&#8221; custom_padding_phone=&#8221;||0px||false|false&#8221; global_colors_info=&#8221;{}&#8221;][et_pb_column type=&#8221;4_4&#8243; _builder_version=&#8221;4.27.4&#8243; _module_preset=&#8221;default&#8221; global_colors_info=&#8221;{}&#8221;][et_pb_image src=&#8221;https:\/\/dozispastries.com\/wp-content\/uploads\/2025\/09\/Dozis-Pastries-Logo-4.png&#8221; title_text=&#8221;Dozis-Pastries-Logo-4&#8243; align=&#8221;center&#8221; _builder_version=&#8221;4.27.4&#8243; _module_preset=&#8221;default&#8221; width_tablet=&#8221;40vw&#8221; width_phone=&#8221;63vw&#8221; width_last_edited=&#8221;on|tablet&#8221; custom_padding=&#8221;||10px||false|false&#8221; global_colors_info=&#8221;{}&#8221;][\/et_pb_image][et_pb_divider color=&#8221;#171C19&#8243; divider_weight=&#8221;2px&#8221; _builder_version=&#8221;4.27.4&#8243; _module_preset=&#8221;default&#8221; width=&#8221;38vw&#8221; width_tablet=&#8221;62vw&#8221; width_phone=&#8221;76vw&#8221; width_last_edited=&#8221;on|tablet&#8221; module_alignment=&#8221;center&#8221; custom_margin=&#8221;||20px||false|false&#8221; custom_padding=&#8221;||||false|false&#8221; global_colors_info=&#8221;{}&#8221;][\/et_pb_divider][et_pb_text _builder_version=&#8221;4.27.4&#8243; _module_preset=&#8221;default&#8221; header_font=&#8221;|600||on|||||&#8221; header_text_align=&#8221;center&#8221; header_font_size=&#8221;20px&#8221; header_letter_spacing=&#8221;0.07em&#8221; header_line_height=&#8221;1.45em&#8221; text_orientation=&#8221;center&#8221; custom_margin=&#8221;||||false|false&#8221; custom_padding=&#8221;||||false|false&#8221; header_font_size_tablet=&#8221;18px&#8221; header_font_size_phone=&#8221;15px&#8221; header_font_size_last_edited=&#8221;on|tablet&#8221; global_colors_info=&#8221;{}&#8221;]<\/p>\n<h1>Weboldaladat m\u00e9g k\u00e9sz\u00edtj\u00fck, hamarosan hozzuk!<\/h1>\n<p>Addig is szeretettel v\u00e1runk:<\/p>\n<p>[\/et_pb_text][\/et_pb_column][\/et_pb_row][et_pb_row column_structure=&#8221;1_2,1_2&#8243; gutter_width=&#8221;1&#8243; custom_padding_last_edited=&#8221;on|desktop&#8221; _builder_version=&#8221;4.27.4&#8243; _module_preset=&#8221;default&#8221; custom_margin=&#8221;||||false|false&#8221; custom_padding=&#8221;30px||||false|false&#8221; custom_padding_tablet=&#8221;20px||||false|false&#8221; custom_padding_phone=&#8221;20px||||false|false&#8221; global_colors_info=&#8221;{}&#8221;][et_pb_column type=&#8221;1_2&#8243; _builder_version=&#8221;4.27.4&#8243; _module_preset=&#8221;default&#8221; border_width_right=&#8221;1px&#8221; border_color_right=&#8221;#171C19&#8243; border_width_right_tablet=&#8221;0px&#8221; border_width_right_phone=&#8221;0px&#8221; border_width_right_last_edited=&#8221;on|tablet&#8221; global_colors_info=&#8221;{}&#8221;][et_pb_button button_url=&#8221;https:\/\/maps.app.goo.gl\/rBZ5yymZ76wKRoom7&#8243; url_new_window=&#8221;on&#8221; button_text=&#8221;Offline&#8221; button_alignment=&#8221;right&#8221; button_alignment_tablet=&#8221;center&#8221; button_alignment_phone=&#8221;center&#8221; button_alignment_last_edited=&#8221;on|tablet&#8221; _builder_version=&#8221;4.27.4&#8243; _module_preset=&#8221;default&#8221; button_text_size=&#8221;18px&#8221; button_text_color=&#8221;#FBF4E8&#8243; button_font=&#8221;|600||on|||||&#8221; custom_margin=&#8221;15px|25px|15px||true|false&#8221; custom_margin_tablet=&#8221;|0px|5px|-1px|false|false&#8221; custom_margin_phone=&#8221;15px|0px|10px|0px|false|false&#8221; custom_margin_last_edited=&#8221;on|phone&#8221; global_colors_info=&#8221;{}&#8221;][\/et_pb_button][\/et_pb_column][et_pb_column type=&#8221;1_2&#8243; _builder_version=&#8221;4.27.4&#8243; _module_preset=&#8221;default&#8221; border_width_left=&#8221;1px&#8221; border_color_left=&#8221;#171C19&#8243; border_width_left_tablet=&#8221;0px&#8221; border_width_left_phone=&#8221;0px&#8221; border_width_left_last_edited=&#8221;on|tablet&#8221; global_colors_info=&#8221;{}&#8221;][et_pb_button button_url=&#8221;https:\/\/www.facebook.com\/dozisbp&#8221; url_new_window=&#8221;on&#8221; button_text=&#8221;Online&#8221; button_alignment=&#8221;left&#8221; button_alignment_tablet=&#8221;center&#8221; button_alignment_phone=&#8221;center&#8221; button_alignment_last_edited=&#8221;on|tablet&#8221; _builder_version=&#8221;4.27.4&#8243; _module_preset=&#8221;default&#8221; button_text_size=&#8221;18px&#8221; button_text_color=&#8221;#FBF4E8&#8243; button_font=&#8221;|600||on|||||&#8221; custom_margin=&#8221;15px||15px|25px|true|false&#8221; custom_margin_tablet=&#8221;15px|0px|15px|0px|true|false&#8221; custom_margin_phone=&#8221;15px|0px|15px|0px|true|false&#8221; custom_margin_last_edited=&#8221;on|phone&#8221; global_colors_info=&#8221;{}&#8221;][\/et_pb_button][\/et_pb_column][\/et_pb_row][\/et_pb_section]<\/p>\n","protected":false},"excerpt":{"rendered":"<p>Weboldaladat m\u00e9g k\u00e9sz\u00edtj\u00fck, hamarosan hozzuk! Addig is szeretettel v\u00e1runk:<\/p>","protected":false},"author":1,"featured_media":0,"parent":0,"menu_order":0,"comment_status":"closed","ping_status":"closed","template":"","meta":{"_et_pb_use_builder":"on","_et_pb_old_content":"<!-- wp:divi\/placeholder \/-->","_et_gb_content_width":"","footnotes":""},"class_list":["post-24","page","type-page","status-publish","hentry"],"_links":{"self":[{"href":"https:\/\/dozispastries.com\/en\/wp-json\/wp\/v2\/pages\/24","targetHints":{"allow":["GET"]}}],"collection":[{"href":"https:\/\/dozispastries.com\/en\/wp-json\/wp\/v2\/pages"}],"about":[{"href":"https:\/\/dozispastries.com\/en\/wp-json\/wp\/v2\/types\/page"}],"author":[{"embeddable":true,"href":"https:\/\/dozispastries.com\/en\/wp-json\/wp\/v2\/users\/1"}],"replies":[{"embeddable":true,"href":"https:\/\/dozispastries.com\/en\/wp-json\/wp\/v2\/comments?post=24"}],"version-history":[{"count":0,"href":"https:\/\/dozispastries.com\/en\/wp-json\/wp\/v2\/pages\/24\/revisions"}],"wp:attachment":[{"href":"https:\/\/dozispastries.com\/en\/wp-json\/wp\/v2\/media?parent=24"}],"curies":[{"name":"wp","href":"https:\/\/api.w.org\/{rel}","templated":true}]}}