{"id":26,"date":"2025-09-08T12:52:32","date_gmt":"2025-09-08T12:52:32","guid":{"rendered":"https:\/\/dozispastries.com\/?page_id=26"},"modified":"2026-03-27T20:16:24","modified_gmt":"2026-03-27T19:16:24","slug":"rolunk","status":"publish","type":"page","link":"https:\/\/dozispastries.com\/en\/rolunk\/","title":{"rendered":"About Us"},"content":{"rendered":"<p>[et_pb_section fb_built=&#8221;1&#8243; _builder_version=&#8221;4.27.6&#8243; _module_preset=&#8221;default&#8221; background_color=&#8221;#FBF4E8&#8243; min_height_tablet=&#8221;96vh&#8221; min_height_phone=&#8221;96vh&#8221; min_height_last_edited=&#8221;off|desktop&#8221; custom_margin=&#8221;||0px||false|false&#8221; custom_padding=&#8221;||0px||false|false&#8221; global_colors_info=&#8221;{}&#8221;][et_pb_row column_structure=&#8221;1_2,1_2&#8243; gutter_width=&#8221;4&#8243; _builder_version=&#8221;4.27.6&#8243; _module_preset=&#8221;default&#8221; custom_margin=&#8221;20px||||false|false&#8221; custom_margin_tablet=&#8221;-20px||||false|false&#8221; custom_margin_phone=&#8221;-20px||||false|false&#8221; custom_margin_last_edited=&#8221;on|tablet&#8221; custom_css_main_element=&#8221;align-items: center;||display: flex;||flex-wrap: wrap;&#8221; global_colors_info=&#8221;{}&#8221;][et_pb_column type=&#8221;1_2&#8243; _builder_version=&#8221;4.27.4&#8243; _module_preset=&#8221;default&#8221; global_colors_info=&#8221;{}&#8221; custom_css_main_element_last_edited=&#8221;on|phone&#8221; custom_css_main_element_tablet=&#8221;order: 2;&#8221; custom_css_main_element_phone=&#8221;order: 2;&#8221;][et_pb_image src=&#8221;https:\/\/dozispastries.com\/wp-content\/uploads\/2025\/10\/dozis-galeria-7.jpg&#8221; title_text=&#8221;dozis-galeria-7&#8243; _builder_version=&#8221;4.27.6&#8243; _module_preset=&#8221;default&#8221; custom_padding_tablet=&#8221;40px||||false|false&#8221; custom_padding_phone=&#8221;40px||||false|false&#8221; custom_padding_last_edited=&#8221;on|tablet&#8221; global_colors_info=&#8221;{}&#8221;][\/et_pb_image][\/et_pb_column][et_pb_column type=&#8221;1_2&#8243; _builder_version=&#8221;4.27.4&#8243; _module_preset=&#8221;default&#8221; global_colors_info=&#8221;{}&#8221; custom_css_main_element_last_edited=&#8221;on|tablet&#8221; custom_css_main_element_phone=&#8221;order: 1;&#8221; custom_css_main_element_tablet=&#8221;order: 1;&#8221;][et_pb_text _builder_version=&#8221;4.27.6&#8243; _module_preset=&#8221;default&#8221; header_font=&#8221;|800||on|||||&#8221; custom_margin=&#8221;15px||0px||false|false&#8221; global_colors_info=&#8221;{}&#8221;]<\/p>\n<h1>R\u00f3lunk<\/h1>\n<p>[\/et_pb_text][et_pb_divider color=&#8221;#000000&#8243; _builder_version=&#8221;4.27.6&#8243; _module_preset=&#8221;default&#8221; width=&#8221;55%&#8221; custom_margin=&#8221;||20px||false|false&#8221; global_colors_info=&#8221;{}&#8221;][\/et_pb_divider][et_pb_text _builder_version=&#8221;4.27.6&#8243; _module_preset=&#8221;default&#8221; header_font=&#8221;&#8211;et_global_body_font||||||||&#8221; header_2_font=&#8221;|600||on|||||&#8221; header_2_font_size=&#8221;19px&#8221; header_2_letter_spacing=&#8221;0.1em&#8221; header_2_line_height=&#8221;1.25em&#8221; custom_margin=&#8221;||5px||false|false&#8221; header_2_font_size_phone=&#8221;20px&#8221; global_colors_info=&#8221;{}&#8221;]<\/p>\n<h2>\u201eA t\u00f6rt\u00e9net\u00fcnk a COVID idej\u00e9n indult. Ekkor \u00e1lmodtuk meg a D\u00f3zist. Egy csal\u00e1d vagyunk \u2013 nemcsak v\u00e9r szerint, hanem l\u00e9lekben \u00e9s szenved\u00e9lyben is.\u201d<\/h2>\n<p>[\/et_pb_text][et_pb_text _builder_version=&#8221;4.27.6&#8243; _module_preset=&#8221;default&#8221; text_font=&#8221;||||||||&#8221; custom_margin=&#8221;||30px||false|false&#8221; global_colors_info=&#8221;{}&#8221;]<\/p>\n<p>\u2014 S\u00e1rk\u00e1ny D\u00e1niel, \u00fcgyvezet\u0151<\/p>\n<p>[\/et_pb_text][et_pb_text _builder_version=&#8221;4.27.6&#8243; _module_preset=&#8221;default&#8221; text_font_size=&#8221;15px&#8221; custom_margin=&#8221;||30px||false|false&#8221; hover_enabled=&#8221;0&#8243; global_colors_info=&#8221;{}&#8221; sticky_enabled=&#8221;0&#8243;]<\/p>\n<p>Az els\u0151 pillanatt\u00f3l kezdve abban hitt\u00fcnk, hogy olyan helyet \u00e9s olyan term\u00e9keket szeretn\u00e9nk l\u00e9trehozni, amelyek m\u00f6g\u00f6tt gondosan kiv\u00e1lasztott alapanyagok, odafigyel\u00e9s, szakmai ig\u00e9nyess\u00e9g \u00e9s emberi jelenl\u00e9t van.<\/p>\n<p>Az elm\u00falt \u00e9vekben sokat form\u00e1l\u00f3dtunk, fejl\u0151dt\u00fcnk \u00e9s \u00e9p\u00edtkezt\u00fcnk, de a szeml\u00e9let\u00fcnk nem v\u00e1ltozott: csak olyan term\u00e9ket adunk ki a kez\u00fcnkb\u0151l, amit mi magunk is \u0151szint\u00e9n j\u00f3 sz\u00edvvel k\u00edn\u00e1ln\u00e1nk.<\/p>\n<p>[\/et_pb_text][\/et_pb_column][\/et_pb_row][\/et_pb_section][et_pb_section fb_built=&#8221;1&#8243; _builder_version=&#8221;4.27.6&#8243; _module_preset=&#8221;default&#8221; background_color=&#8221;#fbf4e8&#8243; custom_margin=&#8221;||||false|false&#8221; custom_margin_tablet=&#8221;||||false|false&#8221; custom_margin_phone=&#8221;||||false|false&#8221; custom_margin_last_edited=&#8221;on|phone&#8221; custom_padding=&#8221;75px||75px||false|false&#8221; global_colors_info=&#8221;{}&#8221;][et_pb_row _builder_version=&#8221;4.27.6&#8243; _module_preset=&#8221;default&#8221; custom_margin=&#8221;||0px||false|false&#8221; custom_padding=&#8221;||0px||false|false&#8221; global_colors_info=&#8221;{}&#8221;][et_pb_column type=&#8221;4_4&#8243; _builder_version=&#8221;4.27.6&#8243; _module_preset=&#8221;default&#8221; global_colors_info=&#8221;{}&#8221;][et_pb_text _builder_version=&#8221;4.27.6&#8243; _module_preset=&#8221;default&#8221; header_3_font=&#8221;|800||on|||||&#8221; header_3_text_align=&#8221;center&#8221; header_3_text_color=&#8221;#000000&#8243; header_3_font_size=&#8221;40px&#8221; width=&#8221;435px&#8221; width_tablet=&#8221;800px&#8221; width_phone=&#8221;100%&#8221; width_last_edited=&#8221;on|phone&#8221; module_alignment=&#8221;center&#8221; custom_margin=&#8221;0px||0px||false|false&#8221; custom_padding=&#8221;10px||0px||false|false&#8221; custom_padding_tablet=&#8221;10px||0px||false|false&#8221; custom_padding_phone=&#8221;10px|20px|0px|20px|false|true&#8221; custom_padding_last_edited=&#8221;on|phone&#8221; header_3_font_size_tablet=&#8221;40px&#8221; header_3_font_size_phone=&#8221;26px&#8221; header_3_font_size_last_edited=&#8221;on|desktop&#8221; border_width_all=&#8221;2px&#8221; border_color_all=&#8221;#000000&#8243; global_colors_info=&#8221;{}&#8221;]<\/p>\n<h3>M\u00e9rf\u00f6ldk\u00f6vek<\/h3>\n<p>[\/et_pb_text][\/et_pb_column][\/et_pb_row][et_pb_row column_structure=&#8221;1_2,1_2&#8243; gutter_width=&#8221;1&#8243; _builder_version=&#8221;4.27.6&#8243; _module_preset=&#8221;default&#8221; use_background_color_gradient=&#8221;on&#8221; background_color_gradient_stops=&#8221;#fbf4e8 0%|rgba(251,244,232,0) 50%|#fbf4e8 100%&#8221; background_color_gradient_overlays_image=&#8221;on&#8221; background_image=&#8221;https:\/\/dozispastries.com\/wp-content\/uploads\/2025\/10\/dozis-galeria-8.jpg&#8221; custom_margin=&#8221;0px||0px||false|false&#8221; custom_padding=&#8221;0px||0px||false|false&#8221; background_last_edited=&#8221;on|phone&#8221; background_enable_image_tablet=&#8221;off&#8221; background_enable_image_phone=&#8221;off&#8221; global_colors_info=&#8221;{}&#8221;][et_pb_column type=&#8221;1_2&#8243; _builder_version=&#8221;4.27.6&#8243; _module_preset=&#8221;default&#8221; custom_padding=&#8221;75px|60px|60px||false|false&#8221; custom_padding_tablet=&#8221;|0px||0px|false|false&#8221; custom_padding_phone=&#8221;|0px||0px|false|false&#8221; custom_padding_last_edited=&#8221;on|desktop&#8221; border_width_right=&#8221;2px&#8221; border_color_right=&#8221;#000000&#8243; border_width_right_tablet=&#8221;2px&#8221; border_width_right_phone=&#8221;0px&#8221; border_width_right_last_edited=&#8221;on|phone&#8221; global_colors_info=&#8221;{}&#8221;][et_pb_text _builder_version=&#8221;4.27.6&#8243; _module_preset=&#8221;default&#8221; text_font_size=&#8221;14px&#8221; header_4_font=&#8221;|700||on|||||&#8221; header_4_font_size=&#8221;19px&#8221; header_4_letter_spacing=&#8221;0.08em&#8221; text_orientation=&#8221;right&#8221; custom_margin=&#8221;||20px|1px|false|false&#8221; text_orientation_tablet=&#8221;right&#8221; text_orientation_phone=&#8221;center&#8221; text_orientation_last_edited=&#8221;on|desktop&#8221; global_colors_info=&#8221;{}&#8221;]<\/p>\n<h4>2020<\/h4>\n<p>G\u00f6d\u00f6ll\u0151i fagyiz\u00f3 megnyit\u00e1sa<\/p>\n<p>[\/et_pb_text][et_pb_text _builder_version=&#8221;4.27.6&#8243; _module_preset=&#8221;default&#8221; text_font_size=&#8221;14px&#8221; header_4_font=&#8221;|700||on|||||&#8221; header_4_font_size=&#8221;19px&#8221; header_4_letter_spacing=&#8221;0.08em&#8221; text_orientation=&#8221;right&#8221; custom_margin=&#8221;||20px|1px|false|false&#8221; text_orientation_tablet=&#8221;right&#8221; text_orientation_phone=&#8221;center&#8221; text_orientation_last_edited=&#8221;on|desktop&#8221; global_colors_info=&#8221;{}&#8221;]<\/p>\n<h4>2020 Nyara<\/h4>\n<p>A K\u00fath\u00e1z Manufakt\u00fara cukr\u00e1sz\u00fczem kialak\u00edt\u00e1sa<\/p>\n<p>[\/et_pb_text][et_pb_text _builder_version=&#8221;4.27.6&#8243; _module_preset=&#8221;default&#8221; text_font_size=&#8221;14px&#8221; header_4_font=&#8221;|700||on|||||&#8221; header_4_font_size=&#8221;19px&#8221; header_4_letter_spacing=&#8221;0.08em&#8221; text_orientation=&#8221;right&#8221; custom_margin=&#8221;||20px|1px|false|false&#8221; text_orientation_tablet=&#8221;right&#8221; text_orientation_phone=&#8221;center&#8221; text_orientation_last_edited=&#8221;on|desktop&#8221; global_colors_info=&#8221;{}&#8221;]<\/p>\n<h4>2020 Okt\u00f3ber<\/h4>\n<p>A K\u00fath\u00e1z \u00dajhull\u00e1mos K\u00e1v\u00e9kortyol\u00f3 megnyit\u00e1sa<\/p>\n<p>[\/et_pb_text][et_pb_text _builder_version=&#8221;4.27.6&#8243; _module_preset=&#8221;default&#8221; text_font_size=&#8221;14px&#8221; header_4_font=&#8221;|700||on|||||&#8221; header_4_font_size=&#8221;19px&#8221; header_4_letter_spacing=&#8221;0.08em&#8221; text_orientation=&#8221;right&#8221; custom_margin=&#8221;||20px|1px|false|false&#8221; text_orientation_tablet=&#8221;right&#8221; text_orientation_phone=&#8221;center&#8221; text_orientation_last_edited=&#8221;on|desktop&#8221; global_colors_info=&#8221;{}&#8221;]<\/p>\n<h4>2022 Febru\u00e1r<\/h4>\n<p>A g\u00f6d\u00f6ll\u0151i Grassalkovich Kast\u00e9ly k\u00e1v\u00e9z\u00f3 \u00e1talak\u00edt\u00e1sa \u00e9s \u00fajranyit\u00e1sa<\/p>\n<p>[\/et_pb_text][et_pb_text _builder_version=&#8221;4.27.6&#8243; _module_preset=&#8221;default&#8221; text_font_size=&#8221;14px&#8221; header_4_font=&#8221;|700||on|||||&#8221; header_4_font_size=&#8221;19px&#8221; header_4_letter_spacing=&#8221;0.08em&#8221; text_orientation=&#8221;right&#8221; custom_margin=&#8221;||20px|1px|false|false&#8221; text_orientation_tablet=&#8221;right&#8221; text_orientation_phone=&#8221;center&#8221; text_orientation_last_edited=&#8221;on|desktop&#8221; global_colors_info=&#8221;{}&#8221;]<\/p>\n<h4>2023<\/h4>\n<p>A k\u00e1v\u00e9p\u00f6rk\u00f6l\u00e9s elind\u00edt\u00e1sa<\/p>\n<p>[\/et_pb_text][et_pb_text _builder_version=&#8221;4.27.6&#8243; _module_preset=&#8221;default&#8221; text_font_size=&#8221;14px&#8221; header_4_font=&#8221;|700||on|||||&#8221; header_4_font_size=&#8221;19px&#8221; header_4_letter_spacing=&#8221;0.08em&#8221; text_orientation=&#8221;right&#8221; custom_margin=&#8221;||20px|1px|false|false&#8221; text_orientation_tablet=&#8221;right&#8221; text_orientation_phone=&#8221;center&#8221; text_orientation_last_edited=&#8221;on|desktop&#8221; global_colors_info=&#8221;{}&#8221;]<\/p>\n<h4>2023 J\u00falius<\/h4>\n<p>A Grumpy Monkey Kft. mogyor\u00f3di p\u00e9k\u00fczem\u00e9nek, valamint a Grumpy Monkey Fine Pastries &amp; Espresso Bar budapesti k\u00e1v\u00e9z\u00f3j\u00e1nak \u00e1tv\u00e9tele<\/p>\n<p>[\/et_pb_text][et_pb_text _builder_version=&#8221;4.27.6&#8243; _module_preset=&#8221;default&#8221; text_font_size=&#8221;14px&#8221; header_4_font=&#8221;|700||on|||||&#8221; header_4_font_size=&#8221;19px&#8221; header_4_letter_spacing=&#8221;0.08em&#8221; text_orientation=&#8221;right&#8221; custom_margin=&#8221;||20px|1px|false|false&#8221; text_orientation_tablet=&#8221;right&#8221; text_orientation_phone=&#8221;center&#8221; text_orientation_last_edited=&#8221;on|desktop&#8221; global_colors_info=&#8221;{}&#8221;]<\/p>\n<h4>2024 M\u00e1rcius<\/h4>\n<p>Az els\u0151 g\u00f6d\u00f6ll\u0151i mikrop\u00f6rk\u00f6l\u0151\u00fczem elind\u00edt\u00e1sa<\/p>\n<p>[\/et_pb_text][\/et_pb_column][et_pb_column type=&#8221;1_2&#8243; _builder_version=&#8221;4.27.6&#8243; _module_preset=&#8221;default&#8221; custom_padding=&#8221;75px||60px|60px|false|false&#8221; custom_padding_tablet=&#8221;|0px||0px|false|false&#8221; custom_padding_phone=&#8221;|0px||0px|false|false&#8221; custom_padding_last_edited=&#8221;on|phone&#8221; global_colors_info=&#8221;{}&#8221;][et_pb_text _builder_version=&#8221;4.27.6&#8243; _module_preset=&#8221;default&#8221; header_4_font=&#8221;|800||on|||||&#8221; header_4_line_height=&#8221;1.3em&#8221; custom_margin=&#8221;||10px||false|false&#8221; custom_margin_tablet=&#8221;||10px||false|false&#8221; custom_margin_phone=&#8221;-75px||||false|false&#8221; custom_margin_last_edited=&#8221;on|phone&#8221; header_4_text_align_tablet=&#8221;&#8221; header_4_text_align_phone=&#8221;center&#8221; header_4_text_align_last_edited=&#8221;on|phone&#8221; header_4_font_size_tablet=&#8221;&#8221; header_4_font_size_phone=&#8221;20px&#8221; header_4_font_size_last_edited=&#8221;on|phone&#8221; global_colors_info=&#8221;{}&#8221;]<\/p>\n<h4>Odaad\u00e1s<\/h4>\n<p>[\/et_pb_text][et_pb_text _builder_version=&#8221;4.27.6&#8243; _module_preset=&#8221;default&#8221; text_font_size=&#8221;15px&#8221; custom_margin=&#8221;||35px||false|false&#8221; hover_enabled=&#8221;0&#8243; text_orientation_tablet=&#8221;&#8221; text_orientation_phone=&#8221;center&#8221; text_orientation_last_edited=&#8221;on|phone&#8221; global_colors_info=&#8221;{}&#8221; sticky_enabled=&#8221;0&#8243;]<\/p>\n<p>A t\u00f6rt\u00e9net\u00fcnk els\u0151 fejezete D\u00f3ri \u00e9s Laci nev\u00e9hez k\u00f6t\u0151dik, akik a k\u00e1v\u00e9 ir\u00e1nti szeretet\u00fcket a g\u00f6d\u00f6ll\u0151i K\u00fath\u00e1z \u00dajhull\u00e1mos K\u00e1v\u00e9kortyol\u00f3 megalkot\u00e1s\u00e1ban form\u00e1lt\u00e1k val\u00f3s\u00e1gg\u00e1. Ehhez csatlakozott Dani turisztikai szakemberk\u00e9nt, valamint Fanni, aki a cukr\u00e1szati ter\u00fcletet viszi.<\/p>\n<p>Az elm\u00falt \u00e9vek rengeteg \u00e1talakul\u00e1st \u00e9s fejl\u0151d\u00e9st hoztak. Minden v\u00e1ltoz\u00e1sb\u00f3l tanultunk, \u00e9s minden l\u00e9p\u00e9ssel k\u00f6zelebb ker\u00fclt\u00fcnk ahhoz, amit ma a D\u00d3ZIS jelent sz\u00e1munkra: egy tudatosan \u00e9p\u00edtett, min\u0151s\u00e9gk\u00f6zpont\u00fa m\u0171helyt, ahol a szakmais\u00e1g \u00e9s a sz\u00edv ugyan\u00fagy jelen van.<\/p>\n<p>A folyamatos fejl\u0151d\u00e9s \u00e9s a min\u0151s\u00e9g ir\u00e1nti elk\u00f6telez\u0151d\u00e9s vezetett el benn\u00fcnket oda is, hogy 2023 j\u00falius\u00e1ban \u00e1tvehett\u00fck a Grumpy Monkey Kft. p\u00e9k\u00fczem\u00e9t \u00e9s budapesti k\u00e1v\u00e9z\u00f3j\u00e1t.<\/p>\n<p>Sz\u00e1munkra sokat jelent, hogy olyan emberekkel dolgozhatunk egy\u00fctt, akik emberileg \u00e9s szakmailag is azonosulni tudnak azzal, amit k\u00e9pvisel\u00fcnk. Hisz\u00fcnk abban, hogy a legjobb term\u00e9kek ott sz\u00fcletnek, ahol a tud\u00e1s, a figyelem \u00e9s az odaad\u00e1s egyszerre van jelen.<\/p>\n<p>[\/et_pb_text][\/et_pb_column][\/et_pb_row][et_pb_row _builder_version=&#8221;4.27.6&#8243; _module_preset=&#8221;default&#8221; custom_margin=&#8221;0px||0px||false|false&#8221; custom_padding=&#8221;0px||0px||false|false&#8221; global_colors_info=&#8221;{}&#8221;][et_pb_column type=&#8221;4_4&#8243; _builder_version=&#8221;4.27.6&#8243; _module_preset=&#8221;default&#8221; global_colors_info=&#8221;{}&#8221;][et_pb_text disabled_on=&#8221;on|on|off&#8221; _builder_version=&#8221;4.27.6&#8243; _module_preset=&#8221;default&#8221; header_3_font=&#8221;|800||on|||||&#8221; header_3_text_align=&#8221;center&#8221; header_3_text_color=&#8221;#000000&#8243; header_3_font_size=&#8221;40px&#8221; width=&#8221;215px&#8221; width_tablet=&#8221;390px&#8221; width_phone=&#8221;100%&#8221; width_last_edited=&#8221;on|desktop&#8221; module_alignment=&#8221;center&#8221; custom_margin=&#8221;0px||0px||false|false&#8221; custom_padding=&#8221;10px||0px||false|false&#8221; link_option_url=&#8221;#urlap&#8221; header_3_text_color_last_edited=&#8221;off|phone&#8221; header_3_font_size_tablet=&#8221;40px&#8221; header_3_font_size_phone=&#8221;26px&#8221; header_3_font_size_last_edited=&#8221;on|desktop&#8221; border_width_all=&#8221;2px&#8221; border_color_all=&#8221;#000000&#8243; global_colors_info=&#8221;{}&#8221; background__hover_enabled=&#8221;on|hover&#8221; background_color__hover=&#8221;#000000&#8243; background_enable_color__hover=&#8221;on&#8221; header_3_text_color__hover_enabled=&#8221;on|hover&#8221; header_3_text_color__hover=&#8221;#fdf9f1&#8243;]<\/p>\n<h3>D\u00f3zis<\/h3>\n<p>[\/et_pb_text][\/et_pb_column][\/et_pb_row][\/et_pb_section][et_pb_section fb_built=&#8221;1&#8243; _builder_version=&#8221;4.27.4&#8243; _module_preset=&#8221;default&#8221; background_color=&#8221;#FBF4E8&#8243; min_height_tablet=&#8221;96vh&#8221; min_height_phone=&#8221;96vh&#8221; min_height_last_edited=&#8221;off|desktop&#8221; custom_padding=&#8221;||||false|false&#8221; global_colors_info=&#8221;{}&#8221;][et_pb_row column_structure=&#8221;1_2,1_2&#8243; gutter_width=&#8221;4&#8243; custom_padding_last_edited=&#8221;on|tablet&#8221; _builder_version=&#8221;4.27.4&#8243; _module_preset=&#8221;default&#8221; custom_margin=&#8221;||||false|false&#8221; custom_padding_tablet=&#8221;||||false|false&#8221; custom_padding_phone=&#8221;0px||||false|false&#8221; custom_css_main_element=&#8221;align-items: center;&#8221; global_colors_info=&#8221;{}&#8221;][et_pb_column type=&#8221;1_2&#8243; _builder_version=&#8221;4.27.4&#8243; _module_preset=&#8221;default&#8221; global_colors_info=&#8221;{}&#8221;][et_pb_text _builder_version=&#8221;4.27.6&#8243; _module_preset=&#8221;default&#8221; header_font=&#8221;|800||on|||||&#8221; custom_margin=&#8221;||0px||false|false&#8221; global_colors_info=&#8221;{}&#8221;]<\/p>\n<h1>Min\u0151s\u00e9g<\/h1>\n<p>[\/et_pb_text][et_pb_divider color=&#8221;#000000&#8243; _builder_version=&#8221;4.27.4&#8243; _module_preset=&#8221;default&#8221; width=&#8221;55%&#8221; custom_margin=&#8221;||10px||false|false&#8221; global_colors_info=&#8221;{}&#8221;][\/et_pb_divider][et_pb_text _builder_version=&#8221;4.27.6&#8243; _module_preset=&#8221;default&#8221; text_font_size=&#8221;15px&#8221; custom_margin=&#8221;||30px||false|false&#8221; hover_enabled=&#8221;0&#8243; global_colors_info=&#8221;{}&#8221; sticky_enabled=&#8221;0&#8243;]<\/p>\n<p>Manufaktur\u00e1lis keretek k\u00f6z\u00f6tt dolgozunk, nem g\u00e9psoron. A term\u00e9keink elk\u00e9sz\u00edt\u00e9se id\u0151t, figyelmet \u00e9s t\u00fcrelmet ig\u00e9nyel. Szeretettel nevelj\u00fck a kov\u00e1szunkat, pihentetj\u00fck a leveles t\u00e9szt\u00e1kat, \u00e9s tiszteletben tartjuk azokat a folyamatokat, amelyek sz\u00fcks\u00e9gesek ahhoz, hogy az eredm\u00e9ny kiemelked\u0151 legyen.<\/p>\n<p>N\u00e1lunk a term\u00e9kek nem sietve k\u00e9sz\u00fclnek el.<br \/>A hossz\u00fa \u00e9rlel\u00e9si \u00e9s pihentet\u00e9si folyamatok ugyan t\u00f6bb id\u0151t k\u00e9rnek, de pontosan ett\u0151l lesz a v\u00e9geredm\u00e9ny gazdagabb, r\u00e9tegzettebb \u00e9s eml\u00e9kezetesebb.<\/p>\n<p>[\/et_pb_text][et_pb_text _builder_version=&#8221;4.27.6&#8243; _module_preset=&#8221;default&#8221; header_font=&#8221;&#8211;et_global_body_font||||||||&#8221; header_2_font=&#8221;|600||on|||||&#8221; header_2_font_size=&#8221;20px&#8221; header_2_letter_spacing=&#8221;0.1em&#8221; header_2_line_height=&#8221;1.25em&#8221; custom_margin=&#8221;||20px||false|false&#8221; header_2_font_size_phone=&#8221;15px&#8221; global_colors_info=&#8221;{}&#8221;]<\/p>\n<h2>Ha sz\u00e1modra is fontos a k\u00f6vetkezetes min\u0151s\u00e9g, a gondosan elk\u00e9sz\u00edtett term\u00e9k \u00e9s az ig\u00e9nyes szeml\u00e9let, \u00f6r\u00f6mmel dolgozunk veled egy\u00fctt. Partnerk\u00f6r\u00fcnket folyamatosan b\u0151v\u00edtj\u00fck.<\/h2>\n<p>[\/et_pb_text][et_pb_button button_url=&#8221;https:\/\/dozispastries.com\/viszonteladoknak\/&#8221; button_text=&#8221;Viszontelad\u00f3knak&#8221; _builder_version=&#8221;4.27.6&#8243; _module_preset=&#8221;default&#8221; button_text_size=&#8221;16px&#8221; button_text_color=&#8221;#FBF4E8&#8243; button_letter_spacing=&#8221;0.05em&#8221; custom_margin=&#8221;||||false|false&#8221; global_colors_info=&#8221;{}&#8221; button_text_color__hover=&#8221;#FBF4E8&#8243;][\/et_pb_button][\/et_pb_column][et_pb_column type=&#8221;1_2&#8243; _builder_version=&#8221;4.27.4&#8243; _module_preset=&#8221;default&#8221; global_colors_info=&#8221;{}&#8221;][et_pb_image src=&#8221;https:\/\/dozispastries.com\/wp-content\/uploads\/2025\/10\/dozis-galeria-5.jpg&#8221; title_text=&#8221;dozis-galeria-5&#8243; _builder_version=&#8221;4.27.4&#8243; _module_preset=&#8221;default&#8221; global_colors_info=&#8221;{}&#8221;][\/et_pb_image][et_pb_text _builder_version=&#8221;4.27.6&#8243; _module_preset=&#8221;default&#8221; text_font=&#8221;&#8211;et_global_heading_font|500|||||||&#8221; text_text_color=&#8221;#000000&#8243; text_font_size=&#8221;14px&#8221; text_line_height=&#8221;1.55em&#8221; background_color=&#8221;#FFFFFF&#8221; text_orientation=&#8221;justified&#8221; custom_margin=&#8221;-135px||||false|false&#8221; custom_margin_phone=&#8221;-145px||||false|false&#8221; custom_margin_last_edited=&#8221;off|phone&#8221; custom_padding=&#8221;25px|30px|25px|30px|true|true&#8221; custom_padding_tablet=&#8221;25px|30px|25px|30px|true|true&#8221; custom_padding_phone=&#8221;20px|25px|20px|25px|true|true&#8221; custom_padding_last_edited=&#8221;on|phone&#8221; text_font_size_phone=&#8221;12px&#8221; global_colors_info=&#8221;{}&#8221;]<\/p>\n<p>Kompromisszumot nem k\u00f6t\u00fcnk. Mind a cukr\u00e1szati, mind a p\u00e9kipari term\u00e9keink 82%-os zs\u00edrtartalm\u00fa vajjal k\u00e9sz\u00fclnek. Abban hisz\u00fcnk, hogy az igaz\u00e1n j\u00f3 \u00edz tiszta alapokon sz\u00fcletik.<\/p>\n<p>[\/et_pb_text][\/et_pb_column][\/et_pb_row][\/et_pb_section]<\/p>\n","protected":false},"excerpt":{"rendered":"<p>R\u00f3lunk\u201eA t\u00f6rt\u00e9net\u00fcnk a COVID idej\u00e9n indult. Ekkor \u00e1lmodtuk meg a D\u00f3zist. Egy csal\u00e1d vagyunk \u2013 nemcsak v\u00e9r szerint, hanem l\u00e9lekben \u00e9s szenved\u00e9lyben is.\u201d\u2014 S\u00e1rk\u00e1ny D\u00e1niel, \u00fcgyvezet\u0151Az els\u0151 pillanatt\u00f3l kezdve abban hitt\u00fcnk, hogy olyan helyet \u00e9s olyan term\u00e9keket szeretn\u00e9nk l\u00e9trehozni, amelyek m\u00f6g\u00f6tt gondosan kiv\u00e1lasztott alapanyagok, odafigyel\u00e9s, szakmai ig\u00e9nyess\u00e9g \u00e9s emberi jelenl\u00e9t van. Az elm\u00falt \u00e9vekben sokat [&hellip;]<\/p>\n","protected":false},"author":1,"featured_media":0,"parent":0,"menu_order":0,"comment_status":"closed","ping_status":"closed","template":"","meta":{"_et_pb_use_builder":"on","_et_pb_old_content":"<!-- wp:divi\/placeholder \/-->","_et_gb_content_width":"","footnotes":""},"class_list":["post-26","page","type-page","status-publish","hentry"],"_links":{"self":[{"href":"https:\/\/dozispastries.com\/en\/wp-json\/wp\/v2\/pages\/26","targetHints":{"allow":["GET"]}}],"collection":[{"href":"https:\/\/dozispastries.com\/en\/wp-json\/wp\/v2\/pages"}],"about":[{"href":"https:\/\/dozispastries.com\/en\/wp-json\/wp\/v2\/types\/page"}],"author":[{"embeddable":true,"href":"https:\/\/dozispastries.com\/en\/wp-json\/wp\/v2\/users\/1"}],"replies":[{"embeddable":true,"href":"https:\/\/dozispastries.com\/en\/wp-json\/wp\/v2\/comments?post=26"}],"version-history":[{"count":0,"href":"https:\/\/dozispastries.com\/en\/wp-json\/wp\/v2\/pages\/26\/revisions"}],"wp:attachment":[{"href":"https:\/\/dozispastries.com\/en\/wp-json\/wp\/v2\/media?parent=26"}],"curies":[{"name":"wp","href":"https:\/\/api.w.org\/{rel}","templated":true}]}}