{"id":356,"date":"2025-10-13T14:50:45","date_gmt":"2025-10-13T14:50:45","guid":{"rendered":"https:\/\/dozispastries.com\/?post_type=product&#038;p=356"},"modified":"2026-01-19T14:36:20","modified_gmt":"2026-01-19T14:36:20","slug":"gyorsfagyasztott-sajttorta-maracuja-mango","status":"publish","type":"product","link":"https:\/\/dozispastries.com\/en\/uzlet\/gyorsfagyasztott\/gyorsfagyasztott-sajttorta-maracuja-mango\/","title":{"rendered":"Gyorsfagyasztott sajttorta maracuja mang\u00f3 (16 db \/ doboz)"},"content":{"rendered":"<p><strong>\u00d6sszetev\u0151k:<\/strong> Sajtkr\u00e9m, toj\u00e1s, tejf\u00f6l, gy\u00fcm\u00f6lcs, cukor, tejsz\u00edn, b\u00fazaliszt, vaj, mandulaliszt, citrom, kukorica kem\u00e9ny\u00edt\u0151, van\u00edlia, s\u00f3. Felt\u00e9t: feh\u00e9rcsokol\u00e1d\u00e9, tejsz\u00edn, maracuja p\u00fcr\u00e9, mang\u00f3 p\u00fcr\u00e9, vaj, m\u00e9z<\/p>\n<p><strong>Allerg\u00e9n:<\/strong> Tej, Toj\u00e1s, Glut\u00e9n, Di\u00f3f\u00e9l\u00e9k. Sz\u00f3ja<\/p>\n<p><strong>Fagyasztott term\u00e9k Inform\u00e1ci\u00f3:<\/strong> -18C\u00b0-on, felengedett term\u00e9ket visszafagyasztani tilos! Min\u0151s\u00e9g\u00e9t meg\u0151rzi a gy\u00e1rt\u00e1st\u00f3l sz\u00e1m\u00edtott 60 napig.<br \/>\nFelolvaszt\u00e1si javaslat: 0-5 C\u00b0- os h\u0171t\u0151ben 2-3 \u00f3ra alatt.<br \/>\nFelenged\u00e9s ut\u00e1n min\u0151s\u00e9g\u00e9t meg\u0151rzi: 3 napig<\/p>","protected":false},"excerpt":{"rendered":"<p>\u00d6sszetev\u0151k: Sajtkr\u00e9m, toj\u00e1s, tejf\u00f6l, gy\u00fcm\u00f6lcs, cukor, tejsz\u00edn, b\u00fazaliszt, vaj, mandulaliszt, citrom, kukorica kem\u00e9ny\u00edt\u0151, van\u00edlia, s\u00f3. Felt\u00e9t: feh\u00e9rcsokol\u00e1d\u00e9, tejsz\u00edn, maracuja p\u00fcr\u00e9, mang\u00f3 p\u00fcr\u00e9, vaj, m\u00e9z Allerg\u00e9n: Tej, Toj\u00e1s, Glut\u00e9n, Di\u00f3f\u00e9l\u00e9k. Sz\u00f3ja Fagyasztott term\u00e9k Inform\u00e1ci\u00f3: -18C\u00b0-on, felengedett term\u00e9ket visszafagyasztani tilos! Min\u0151s\u00e9g\u00e9t meg\u0151rzi a gy\u00e1rt\u00e1st\u00f3l sz\u00e1m\u00edtott 60 napig. Felolvaszt\u00e1si javaslat: 0-5 C\u00b0- os h\u0171t\u0151ben 2-3 \u00f3ra alatt. Felenged\u00e9s [&hellip;]<\/p>\n","protected":false},"featured_media":490,"template":"","meta":{"_et_pb_use_builder":"","_et_pb_old_content":"","_et_gb_content_width":""},"product_brand":[],"product_cat":[25],"product_tag":[],"class_list":{"0":"post-356","1":"product","2":"type-product","3":"status-publish","4":"has-post-thumbnail","6":"product_cat-gyorsfagyasztott","8":"first","9":"instock","10":"taxable","11":"shipping-taxable","12":"purchasable","13":"product-type-simple"},"_links":{"self":[{"href":"https:\/\/dozispastries.com\/en\/wp-json\/wp\/v2\/product\/356","targetHints":{"allow":["GET"]}}],"collection":[{"href":"https:\/\/dozispastries.com\/en\/wp-json\/wp\/v2\/product"}],"about":[{"href":"https:\/\/dozispastries.com\/en\/wp-json\/wp\/v2\/types\/product"}],"wp:featuredmedia":[{"embeddable":true,"href":"https:\/\/dozispastries.com\/en\/wp-json\/wp\/v2\/media\/490"}],"wp:attachment":[{"href":"https:\/\/dozispastries.com\/en\/wp-json\/wp\/v2\/media?parent=356"}],"wp:term":[{"taxonomy":"product_brand","embeddable":true,"href":"https:\/\/dozispastries.com\/en\/wp-json\/wp\/v2\/product_brand?post=356"},{"taxonomy":"product_cat","embeddable":true,"href":"https:\/\/dozispastries.com\/en\/wp-json\/wp\/v2\/product_cat?post=356"},{"taxonomy":"product_tag","embeddable":true,"href":"https:\/\/dozispastries.com\/en\/wp-json\/wp\/v2\/product_tag?post=356"}],"curies":[{"name":"wp","href":"https:\/\/api.w.org\/{rel}","templated":true}]}}