{"id":368,"date":"2025-10-13T14:54:44","date_gmt":"2025-10-13T14:54:44","guid":{"rendered":"https:\/\/dozispastries.com\/?post_type=product&#038;p=368"},"modified":"2026-01-27T16:52:53","modified_gmt":"2026-01-27T16:52:53","slug":"friss-pain-au-chocolate","status":"publish","type":"product","link":"https:\/\/dozispastries.com\/en\/uzlet\/friss-pekaru\/friss-pain-au-chocolate\/","title":{"rendered":"Friss Pain au chocolate"},"content":{"rendered":"<p><strong>\u00d6sszetev\u0151k:<\/strong> B\u00fazaliszt, v\u00edz, teh\u00e9ntej, cukor, vadkov\u00e1sz, vaj, \u00e9leszt\u0151, s\u00f3, frost (aszkorbinsav), toj\u00e1s. <strong>T\u00f6ltel\u00e9k:<\/strong> belga csokir\u00fad (cukor, kaka\u00f3massza, kaka\u00f3vaj, sz\u00f3jalecitin, van\u00edlia aroma)<\/p>\n<p><strong>Allerg\u00e9n:<\/strong> Glut\u00e9n, Tejterm\u00e9k, Toj\u00e1s, Sz\u00f3ja<\/p>\n<p><strong>Friss term\u00e9k Inform\u00e1ci\u00f3:<\/strong> Sz\u00e1raz h\u0171v\u00f6s helyen min\u0151s\u00e9g\u00e9t meg\u0151rzi 1 napig<\/p>","protected":false},"excerpt":{"rendered":"<p>\u00d6sszetev\u0151k: B\u00fazaliszt, v\u00edz, teh\u00e9ntej, cukor, vadkov\u00e1sz, vaj, \u00e9leszt\u0151, s\u00f3, frost (aszkorbinsav), toj\u00e1s. T\u00f6ltel\u00e9k: belga csokir\u00fad (cukor, kaka\u00f3massza, kaka\u00f3vaj, sz\u00f3jalecitin, van\u00edlia aroma) Allerg\u00e9n: Glut\u00e9n, Tejterm\u00e9k, Toj\u00e1s, Sz\u00f3ja Friss term\u00e9k Inform\u00e1ci\u00f3: Sz\u00e1raz h\u0171v\u00f6s helyen min\u0151s\u00e9g\u00e9t meg\u0151rzi 1 napig<\/p>","protected":false},"featured_media":480,"template":"","meta":{"_et_pb_use_builder":"","_et_pb_old_content":"","_et_gb_content_width":""},"product_brand":[],"product_cat":[22],"product_tag":[],"class_list":{"0":"post-368","1":"product","2":"type-product","3":"status-publish","4":"has-post-thumbnail","6":"product_cat-friss-pekaru","8":"first","9":"instock","10":"taxable","11":"shipping-taxable","12":"purchasable","13":"product-type-simple"},"_links":{"self":[{"href":"https:\/\/dozispastries.com\/en\/wp-json\/wp\/v2\/product\/368","targetHints":{"allow":["GET"]}}],"collection":[{"href":"https:\/\/dozispastries.com\/en\/wp-json\/wp\/v2\/product"}],"about":[{"href":"https:\/\/dozispastries.com\/en\/wp-json\/wp\/v2\/types\/product"}],"wp:featuredmedia":[{"embeddable":true,"href":"https:\/\/dozispastries.com\/en\/wp-json\/wp\/v2\/media\/480"}],"wp:attachment":[{"href":"https:\/\/dozispastries.com\/en\/wp-json\/wp\/v2\/media?parent=368"}],"wp:term":[{"taxonomy":"product_brand","embeddable":true,"href":"https:\/\/dozispastries.com\/en\/wp-json\/wp\/v2\/product_brand?post=368"},{"taxonomy":"product_cat","embeddable":true,"href":"https:\/\/dozispastries.com\/en\/wp-json\/wp\/v2\/product_cat?post=368"},{"taxonomy":"product_tag","embeddable":true,"href":"https:\/\/dozispastries.com\/en\/wp-json\/wp\/v2\/product_tag?post=368"}],"curies":[{"name":"wp","href":"https:\/\/api.w.org\/{rel}","templated":true}]}}