{"id":399,"date":"2025-11-05T16:32:59","date_gmt":"2025-11-05T16:32:59","guid":{"rendered":"https:\/\/dozispastries.com\/?post_type=product&#038;p=399"},"modified":"2026-01-19T14:35:58","modified_gmt":"2026-01-19T14:35:58","slug":"friss-sonkas-sajtos-croissant","status":"publish","type":"product","link":"https:\/\/dozispastries.com\/en\/uzlet\/friss-pekaru\/friss-sonkas-sajtos-croissant\/","title":{"rendered":"Friss Sonk\u00e1s-sajtos croissant"},"content":{"rendered":"<p><strong>\u00d6sszetev\u0151k:<\/strong> B\u00fazaliszt, v\u00edz, teh\u00e9ntej, cukor, vadkov\u00e1sz, vaj, \u00e9leszt\u0151, s\u00f3, frost (aszkorbinsav), toj\u00e1s. Felt\u00e9t: Cheddar Red sajt (paszt\u0151r\u00f6z\u00f6tt tej, \u00e9tkez\u00e9si s\u00f3, tejsavbakt\u00e9rium kult\u00far\u00e1k, mikrobi\u00e1lis olt\u00f3enzim, sz\u00ednez\u00e9k: karotin) Pr\u00e1gai sonka, Besamel m\u00e1rt\u00e1s ( teh\u00e9ntej, b\u00fazaliszt, vaj, cheddar red sajt, s\u00f3, bors, fokhagymapor, szerecsendi\u00f3)<\/p>\n<p><strong>Allerg\u00e9n:<\/strong> Glut\u00e9n, Tejterm\u00e9k, Toj\u00e1s<\/p>\n<p><strong>Friss term\u00e9k inform\u00e1ci\u00f3:<\/strong> Sz\u00e1raz h\u0171v\u00f6s helyen min\u0151s\u00e9g\u00e9t meg\u0151rzi 1 napig<\/p>","protected":false},"excerpt":{"rendered":"<p>\u00d6sszetev\u0151k: B\u00fazaliszt, v\u00edz, teh\u00e9ntej, cukor, vadkov\u00e1sz, vaj, \u00e9leszt\u0151, s\u00f3, frost (aszkorbinsav), toj\u00e1s. Felt\u00e9t: Cheddar Red sajt (paszt\u0151r\u00f6z\u00f6tt tej, \u00e9tkez\u00e9si s\u00f3, tejsavbakt\u00e9rium kult\u00far\u00e1k, mikrobi\u00e1lis olt\u00f3enzim, sz\u00ednez\u00e9k: karotin) Pr\u00e1gai sonka, Besamel m\u00e1rt\u00e1s ( teh\u00e9ntej, b\u00fazaliszt, vaj, cheddar red sajt, s\u00f3, bors, fokhagymapor, szerecsendi\u00f3) Allerg\u00e9n: Glut\u00e9n, Tejterm\u00e9k, Toj\u00e1s Friss term\u00e9k inform\u00e1ci\u00f3: Sz\u00e1raz h\u0171v\u00f6s helyen min\u0151s\u00e9g\u00e9t meg\u0151rzi 1 napig<\/p>","protected":false},"featured_media":486,"template":"","meta":{"_et_pb_use_builder":"","_et_pb_old_content":"","_et_gb_content_width":""},"product_brand":[],"product_cat":[22],"product_tag":[],"class_list":{"0":"post-399","1":"product","2":"type-product","3":"status-publish","4":"has-post-thumbnail","6":"product_cat-friss-pekaru","8":"first","9":"instock","10":"taxable","11":"shipping-taxable","12":"purchasable","13":"product-type-simple"},"_links":{"self":[{"href":"https:\/\/dozispastries.com\/en\/wp-json\/wp\/v2\/product\/399","targetHints":{"allow":["GET"]}}],"collection":[{"href":"https:\/\/dozispastries.com\/en\/wp-json\/wp\/v2\/product"}],"about":[{"href":"https:\/\/dozispastries.com\/en\/wp-json\/wp\/v2\/types\/product"}],"wp:featuredmedia":[{"embeddable":true,"href":"https:\/\/dozispastries.com\/en\/wp-json\/wp\/v2\/media\/486"}],"wp:attachment":[{"href":"https:\/\/dozispastries.com\/en\/wp-json\/wp\/v2\/media?parent=399"}],"wp:term":[{"taxonomy":"product_brand","embeddable":true,"href":"https:\/\/dozispastries.com\/en\/wp-json\/wp\/v2\/product_brand?post=399"},{"taxonomy":"product_cat","embeddable":true,"href":"https:\/\/dozispastries.com\/en\/wp-json\/wp\/v2\/product_cat?post=399"},{"taxonomy":"product_tag","embeddable":true,"href":"https:\/\/dozispastries.com\/en\/wp-json\/wp\/v2\/product_tag?post=399"}],"curies":[{"name":"wp","href":"https:\/\/api.w.org\/{rel}","templated":true}]}}