{"id":403,"date":"2025-11-05T16:37:44","date_gmt":"2025-11-05T16:37:44","guid":{"rendered":"https:\/\/dozispastries.com\/?post_type=product&#038;p=403"},"modified":"2026-01-19T14:35:34","modified_gmt":"2026-01-19T14:35:34","slug":"friss-cruffin-pisztacia","status":"publish","type":"product","link":"https:\/\/dozispastries.com\/en\/uzlet\/friss-pekaru\/friss-cruffin-pisztacia\/","title":{"rendered":"Friss Cruffin piszt\u00e1cia"},"content":{"rendered":"<p><strong>\u00d6sszetev\u0151k:<\/strong> B\u00fazaliszt, v\u00edz, teh\u00e9ntej, cukor, vadkov\u00e1sz, vaj, \u00e9leszt\u0151, s\u00f3, frost (aszkorbinsav),toj\u00e1s T\u00f6ltel\u00e9k: Teh\u00e9ntej, Cukor, piszt\u00e1cia, toj\u00e1ss\u00e1rg\u00e1ja, kukoricakem\u00e9ny\u00edt\u0151, vaj, zselatin, van\u00edlia, s\u00f3<\/p>\n<p><strong>Allerg\u00e9n:<\/strong> Glut\u00e9n, Tejterm\u00e9k, Toj\u00e1s, Di\u00f3f\u00e9l\u00e9k<\/p>\n<p><strong>Friss term\u00e9k inform\u00e1ci\u00f3:<\/strong> Sz\u00e1raz h\u0171v\u00f6s helyen min\u0151s\u00e9g\u00e9t meg\u0151rzi 1 napig<\/p>","protected":false},"excerpt":{"rendered":"<p>\u00d6sszetev\u0151k: B\u00fazaliszt, v\u00edz, teh\u00e9ntej, cukor, vadkov\u00e1sz, vaj, \u00e9leszt\u0151, s\u00f3, frost (aszkorbinsav),toj\u00e1s T\u00f6ltel\u00e9k: Teh\u00e9ntej, Cukor, piszt\u00e1cia, toj\u00e1ss\u00e1rg\u00e1ja, kukoricakem\u00e9ny\u00edt\u0151, vaj, zselatin, van\u00edlia, s\u00f3 Allerg\u00e9n: Glut\u00e9n, Tejterm\u00e9k, Toj\u00e1s, Di\u00f3f\u00e9l\u00e9k Friss term\u00e9k inform\u00e1ci\u00f3: Sz\u00e1raz h\u0171v\u00f6s helyen min\u0151s\u00e9g\u00e9t meg\u0151rzi 1 napig<\/p>","protected":false},"featured_media":474,"template":"","meta":{"_et_pb_use_builder":"","_et_pb_old_content":"","_et_gb_content_width":""},"product_brand":[],"product_cat":[22],"product_tag":[],"class_list":{"0":"post-403","1":"product","2":"type-product","3":"status-publish","4":"has-post-thumbnail","6":"product_cat-friss-pekaru","8":"first","9":"instock","10":"taxable","11":"shipping-taxable","12":"purchasable","13":"product-type-simple"},"_links":{"self":[{"href":"https:\/\/dozispastries.com\/en\/wp-json\/wp\/v2\/product\/403","targetHints":{"allow":["GET"]}}],"collection":[{"href":"https:\/\/dozispastries.com\/en\/wp-json\/wp\/v2\/product"}],"about":[{"href":"https:\/\/dozispastries.com\/en\/wp-json\/wp\/v2\/types\/product"}],"wp:featuredmedia":[{"embeddable":true,"href":"https:\/\/dozispastries.com\/en\/wp-json\/wp\/v2\/media\/474"}],"wp:attachment":[{"href":"https:\/\/dozispastries.com\/en\/wp-json\/wp\/v2\/media?parent=403"}],"wp:term":[{"taxonomy":"product_brand","embeddable":true,"href":"https:\/\/dozispastries.com\/en\/wp-json\/wp\/v2\/product_brand?post=403"},{"taxonomy":"product_cat","embeddable":true,"href":"https:\/\/dozispastries.com\/en\/wp-json\/wp\/v2\/product_cat?post=403"},{"taxonomy":"product_tag","embeddable":true,"href":"https:\/\/dozispastries.com\/en\/wp-json\/wp\/v2\/product_tag?post=403"}],"curies":[{"name":"wp","href":"https:\/\/api.w.org\/{rel}","templated":true}]}}