{"id":404,"date":"2025-11-05T16:38:12","date_gmt":"2025-11-05T16:38:12","guid":{"rendered":"https:\/\/dozispastries.com\/?post_type=product&#038;p=404"},"modified":"2026-01-27T22:37:59","modified_gmt":"2026-01-27T21:37:59","slug":"friss-holland-sajtos-croissant","status":"publish","type":"product","link":"https:\/\/dozispastries.com\/en\/uzlet\/friss-pekaru\/friss-holland-sajtos-croissant\/","title":{"rendered":"Friss Holland sajtos Croissant"},"content":{"rendered":"<p><strong>\u00d6sszetev\u0151k:<\/strong> B\u00fazaliszt, v\u00edz, teh\u00e9ntej, cukor, vadkov\u00e1sz, vaj, \u00e9leszt\u0151, s\u00f3, frost (aszkorbinsav), toj\u00e1s. Felt\u00e9t: Paszt\u0151r\u00f6z\u00f6tt teh\u00e9ntej, \u00e9tkez\u00e9si s\u00f3, sajtkult\u00fara, tejolt\u00f3 enzimek<\/p>\n<p><strong>Allerg\u00e9n:<\/strong> Glut\u00e9n, Tejterm\u00e9k, Toj\u00e1s<\/p>\n<p><strong>Friss term\u00e9k inform\u00e1ci\u00f3:<\/strong> Sz\u00e1raz h\u0171v\u00f6s helyen min\u0151s\u00e9g\u00e9t meg\u0151rzi 1 napig<\/p>","protected":false},"excerpt":{"rendered":"<p>\u00d6sszetev\u0151k: B\u00fazaliszt, v\u00edz, teh\u00e9ntej, cukor, vadkov\u00e1sz, vaj, \u00e9leszt\u0151, s\u00f3, frost (aszkorbinsav), toj\u00e1s. Felt\u00e9t: Paszt\u0151r\u00f6z\u00f6tt teh\u00e9ntej, \u00e9tkez\u00e9si s\u00f3, sajtkult\u00fara, tejolt\u00f3 enzimek Allerg\u00e9n: Glut\u00e9n, Tejterm\u00e9k, Toj\u00e1s Friss term\u00e9k inform\u00e1ci\u00f3: Sz\u00e1raz h\u0171v\u00f6s helyen min\u0151s\u00e9g\u00e9t meg\u0151rzi 1 napig<\/p>","protected":false},"featured_media":476,"template":"","meta":{"_et_pb_use_builder":"","_et_pb_old_content":"","_et_gb_content_width":""},"product_brand":[],"product_cat":[22],"product_tag":[],"class_list":{"0":"post-404","1":"product","2":"type-product","3":"status-publish","4":"has-post-thumbnail","6":"product_cat-friss-pekaru","8":"first","9":"instock","10":"taxable","11":"shipping-taxable","12":"purchasable","13":"product-type-simple"},"_links":{"self":[{"href":"https:\/\/dozispastries.com\/en\/wp-json\/wp\/v2\/product\/404","targetHints":{"allow":["GET"]}}],"collection":[{"href":"https:\/\/dozispastries.com\/en\/wp-json\/wp\/v2\/product"}],"about":[{"href":"https:\/\/dozispastries.com\/en\/wp-json\/wp\/v2\/types\/product"}],"wp:featuredmedia":[{"embeddable":true,"href":"https:\/\/dozispastries.com\/en\/wp-json\/wp\/v2\/media\/476"}],"wp:attachment":[{"href":"https:\/\/dozispastries.com\/en\/wp-json\/wp\/v2\/media?parent=404"}],"wp:term":[{"taxonomy":"product_brand","embeddable":true,"href":"https:\/\/dozispastries.com\/en\/wp-json\/wp\/v2\/product_brand?post=404"},{"taxonomy":"product_cat","embeddable":true,"href":"https:\/\/dozispastries.com\/en\/wp-json\/wp\/v2\/product_cat?post=404"},{"taxonomy":"product_tag","embeddable":true,"href":"https:\/\/dozispastries.com\/en\/wp-json\/wp\/v2\/product_tag?post=404"}],"curies":[{"name":"wp","href":"https:\/\/api.w.org\/{rel}","templated":true}]}}