{"id":484,"date":"2025-11-18T17:30:34","date_gmt":"2025-11-18T17:30:34","guid":{"rendered":"https:\/\/dozispastries.com\/?post_type=product&#038;p=484"},"modified":"2026-01-19T14:35:21","modified_gmt":"2026-01-19T14:35:21","slug":"friss-magos-haromszog","status":"publish","type":"product","link":"https:\/\/dozispastries.com\/en\/uzlet\/friss-pekaru\/friss-magos-haromszog\/","title":{"rendered":"Friss Magos h\u00e1romsz\u00f6g"},"content":{"rendered":"<p><strong>\u00d6sszetev\u0151k:<\/strong> B\u00fazaliszt, v\u00edz, teh\u00e9ntej, cukor, vadkov\u00e1sz, vaj, \u00e9leszt\u0151, s\u00f3, frost (aszkorbinsav). Felt\u00e9t: Szez\u00e1mmag, Fekete szez\u00e1mmag, Lenmag<\/p>\n<p><strong>Allerg\u00e9n:<\/strong> Glut\u00e9n, Tejterm\u00e9k, Szez\u00e1mmag<\/p>\n<p><strong>Friss term\u00e9k inform\u00e1ci\u00f3:<\/strong> Sz\u00e1raz h\u0171v\u00f6s helyen min\u0151s\u00e9g\u00e9t meg\u0151rzi 1 napig<\/p>","protected":false},"excerpt":{"rendered":"<p>\u00d6sszetev\u0151k: B\u00fazaliszt, v\u00edz, teh\u00e9ntej, cukor, vadkov\u00e1sz, vaj, \u00e9leszt\u0151, s\u00f3, frost (aszkorbinsav). Felt\u00e9t: Szez\u00e1mmag, Fekete szez\u00e1mmag, Lenmag Allerg\u00e9n: Glut\u00e9n, Tejterm\u00e9k, Szez\u00e1mmag Friss term\u00e9k inform\u00e1ci\u00f3: Sz\u00e1raz h\u0171v\u00f6s helyen min\u0151s\u00e9g\u00e9t meg\u0151rzi 1 napig<\/p>","protected":false},"featured_media":485,"template":"","meta":{"_et_pb_use_builder":"","_et_pb_old_content":"","_et_gb_content_width":""},"product_brand":[],"product_cat":[22],"product_tag":[],"class_list":{"0":"post-484","1":"product","2":"type-product","3":"status-publish","4":"has-post-thumbnail","6":"product_cat-friss-pekaru","8":"first","9":"instock","10":"taxable","11":"shipping-taxable","12":"purchasable","13":"product-type-simple"},"_links":{"self":[{"href":"https:\/\/dozispastries.com\/en\/wp-json\/wp\/v2\/product\/484","targetHints":{"allow":["GET"]}}],"collection":[{"href":"https:\/\/dozispastries.com\/en\/wp-json\/wp\/v2\/product"}],"about":[{"href":"https:\/\/dozispastries.com\/en\/wp-json\/wp\/v2\/types\/product"}],"wp:featuredmedia":[{"embeddable":true,"href":"https:\/\/dozispastries.com\/en\/wp-json\/wp\/v2\/media\/485"}],"wp:attachment":[{"href":"https:\/\/dozispastries.com\/en\/wp-json\/wp\/v2\/media?parent=484"}],"wp:term":[{"taxonomy":"product_brand","embeddable":true,"href":"https:\/\/dozispastries.com\/en\/wp-json\/wp\/v2\/product_brand?post=484"},{"taxonomy":"product_cat","embeddable":true,"href":"https:\/\/dozispastries.com\/en\/wp-json\/wp\/v2\/product_cat?post=484"},{"taxonomy":"product_tag","embeddable":true,"href":"https:\/\/dozispastries.com\/en\/wp-json\/wp\/v2\/product_tag?post=484"}],"curies":[{"name":"wp","href":"https:\/\/api.w.org\/{rel}","templated":true}]}}