{"id":499,"date":"2025-11-18T17:44:54","date_gmt":"2025-11-18T17:44:54","guid":{"rendered":"https:\/\/dozispastries.com\/?post_type=product&#038;p=499"},"modified":"2026-01-19T14:35:09","modified_gmt":"2026-01-19T14:35:09","slug":"gyorsfagyasztott-banankenyer","status":"publish","type":"product","link":"https:\/\/dozispastries.com\/en\/uzlet\/gyorsfagyasztott\/gyorsfagyasztott-banankenyer\/","title":{"rendered":"Gyorsfagyasztott Ban\u00e1nkeny\u00e9r (10 db \/ doboz)"},"content":{"rendered":"<p><strong>\u00d6sszetev\u0151k:<\/strong> b\u00fazaliszt, toj\u00e1s, n\u00e1dcukor, ol\u00edvaolaj, ban\u00e1n, di\u00f3, \u00e9tcsokol\u00e1d\u00e9 70% (sz\u00f3ja), s\u00fct\u0151por, s\u00f3, fah\u00e9j<\/p>\n<p><strong>Allerg\u00e9n:<\/strong> Tej, Sz\u00f3ja, Toj\u00e1s, Glut\u00e9n, Sz\u00f3ja, Di\u00f3f\u00e9l\u00e9k<\/p>\n<p><strong>Fagyasztott term\u00e9k Inform\u00e1ci\u00f3:<\/strong> -18C\u00b0-on, felengedett term\u00e9ket visszafagyasztani tilos! Min\u0151s\u00e9g\u00e9t meg\u0151rzi a gy\u00e1rt\u00e1st\u00f3l sz\u00e1m\u00edtott 90 napig.<br \/>\nFelolvaszt\u00e1si javaslat: 0-5\u00b0C- os h\u0171t\u0151ben 2-3 \u00f3ra alatt.<br \/>\nFelenged\u00e9s ut\u00e1n min\u0151s\u00e9g\u00e9t meg\u0151rzi: 4 napig<\/p>","protected":false},"excerpt":{"rendered":"<p>\u00d6sszetev\u0151k: b\u00fazaliszt, toj\u00e1s, n\u00e1dcukor, ol\u00edvaolaj, ban\u00e1n, di\u00f3, \u00e9tcsokol\u00e1d\u00e9 70% (sz\u00f3ja), s\u00fct\u0151por, s\u00f3, fah\u00e9j Allerg\u00e9n: Tej, Sz\u00f3ja, Toj\u00e1s, Glut\u00e9n, Sz\u00f3ja, Di\u00f3f\u00e9l\u00e9k Fagyasztott term\u00e9k Inform\u00e1ci\u00f3: -18C\u00b0-on, felengedett term\u00e9ket visszafagyasztani tilos! Min\u0151s\u00e9g\u00e9t meg\u0151rzi a gy\u00e1rt\u00e1st\u00f3l sz\u00e1m\u00edtott 90 napig. Felolvaszt\u00e1si javaslat: 0-5\u00b0C- os h\u0171t\u0151ben 2-3 \u00f3ra alatt. Felenged\u00e9s ut\u00e1n min\u0151s\u00e9g\u00e9t meg\u0151rzi: 4 napig<\/p>","protected":false},"featured_media":500,"template":"","meta":{"_et_pb_use_builder":"","_et_pb_old_content":"","_et_gb_content_width":""},"product_brand":[],"product_cat":[25],"product_tag":[],"class_list":{"0":"post-499","1":"product","2":"type-product","3":"status-publish","4":"has-post-thumbnail","6":"product_cat-gyorsfagyasztott","8":"first","9":"instock","10":"taxable","11":"shipping-taxable","12":"purchasable","13":"product-type-simple"},"_links":{"self":[{"href":"https:\/\/dozispastries.com\/en\/wp-json\/wp\/v2\/product\/499","targetHints":{"allow":["GET"]}}],"collection":[{"href":"https:\/\/dozispastries.com\/en\/wp-json\/wp\/v2\/product"}],"about":[{"href":"https:\/\/dozispastries.com\/en\/wp-json\/wp\/v2\/types\/product"}],"wp:featuredmedia":[{"embeddable":true,"href":"https:\/\/dozispastries.com\/en\/wp-json\/wp\/v2\/media\/500"}],"wp:attachment":[{"href":"https:\/\/dozispastries.com\/en\/wp-json\/wp\/v2\/media?parent=499"}],"wp:term":[{"taxonomy":"product_brand","embeddable":true,"href":"https:\/\/dozispastries.com\/en\/wp-json\/wp\/v2\/product_brand?post=499"},{"taxonomy":"product_cat","embeddable":true,"href":"https:\/\/dozispastries.com\/en\/wp-json\/wp\/v2\/product_cat?post=499"},{"taxonomy":"product_tag","embeddable":true,"href":"https:\/\/dozispastries.com\/en\/wp-json\/wp\/v2\/product_tag?post=499"}],"curies":[{"name":"wp","href":"https:\/\/api.w.org\/{rel}","templated":true}]}}