{"id":508,"date":"2025-11-18T17:51:14","date_gmt":"2025-11-18T17:51:14","guid":{"rendered":"https:\/\/dozispastries.com\/?post_type=product&#038;p=508"},"modified":"2026-03-06T17:43:46","modified_gmt":"2026-03-06T16:43:46","slug":"gyorsfagyasztott-focaccia","status":"publish","type":"product","link":"https:\/\/dozispastries.com\/en\/uzlet\/gyorsfagyasztott\/gyorsfagyasztott-focaccia\/","title":{"rendered":"Gyorsfagyasztott Focaccia"},"content":{"rendered":"<p><strong>\u00d6sszetev\u0151k:<\/strong> B\u00fazaliszt, v\u00edz, vadkov\u00e1sz, olivaolaj, \u00e9leszt\u0151, rozmaring, bazsalikom, s\u00f3<\/p>\n<p><strong>Allerg\u00e9n:<\/strong> Glut\u00e9n<\/p>\n<p><strong>Fagyasztott term\u00e9k Inform\u00e1ci\u00f3:<\/strong> -18C\u00b0-on, felengedett term\u00e9ket visszafagyasztani tilos!<br \/>\nMin\u0151s\u00e9g\u00e9t meg\u0151rzi a gy\u00e1rt\u00e1st\u00f3l sz\u00e1m\u00edtott 60 napig.<br \/>\nElk\u00e9sz\u00edt\u00e9si javaslat: Szobah\u0151m\u00e9rs\u00e9kleten kiengedni, 3 perc 170\u00b0C fok h\u0151kezel\u00e9s fogyaszt\u00e1s el\u0151tt.<br \/>\nSz\u00e1raz h\u0171v\u00f6s helyen min\u0151s\u00e9g\u00e9t meg\u0151rzi felenged\u00e9s ut\u00e1n 1 napig.<\/p>","protected":false},"excerpt":{"rendered":"<p>\u00d6sszetev\u0151k: B\u00fazaliszt, v\u00edz, vadkov\u00e1sz, olivaolaj, \u00e9leszt\u0151, rozmaring, bazsalikom, s\u00f3 Allerg\u00e9n: Glut\u00e9n Fagyasztott term\u00e9k Inform\u00e1ci\u00f3: -18C\u00b0-on, felengedett term\u00e9ket visszafagyasztani tilos! Min\u0151s\u00e9g\u00e9t meg\u0151rzi a gy\u00e1rt\u00e1st\u00f3l sz\u00e1m\u00edtott 60 napig. Elk\u00e9sz\u00edt\u00e9si javaslat: Szobah\u0151m\u00e9rs\u00e9kleten kiengedni, 3 perc 170\u00b0C fok h\u0151kezel\u00e9s fogyaszt\u00e1s el\u0151tt. Sz\u00e1raz h\u0171v\u00f6s helyen min\u0151s\u00e9g\u00e9t meg\u0151rzi felenged\u00e9s ut\u00e1n 1 napig.<\/p>","protected":false},"featured_media":509,"template":"","meta":{"_et_pb_use_builder":"","_et_pb_old_content":"","_et_gb_content_width":""},"product_brand":[],"product_cat":[25],"product_tag":[],"class_list":{"0":"post-508","1":"product","2":"type-product","3":"status-publish","4":"has-post-thumbnail","6":"product_cat-gyorsfagyasztott","8":"first","9":"instock","10":"taxable","11":"shipping-taxable","12":"purchasable","13":"product-type-simple"},"_links":{"self":[{"href":"https:\/\/dozispastries.com\/en\/wp-json\/wp\/v2\/product\/508","targetHints":{"allow":["GET"]}}],"collection":[{"href":"https:\/\/dozispastries.com\/en\/wp-json\/wp\/v2\/product"}],"about":[{"href":"https:\/\/dozispastries.com\/en\/wp-json\/wp\/v2\/types\/product"}],"wp:featuredmedia":[{"embeddable":true,"href":"https:\/\/dozispastries.com\/en\/wp-json\/wp\/v2\/media\/509"}],"wp:attachment":[{"href":"https:\/\/dozispastries.com\/en\/wp-json\/wp\/v2\/media?parent=508"}],"wp:term":[{"taxonomy":"product_brand","embeddable":true,"href":"https:\/\/dozispastries.com\/en\/wp-json\/wp\/v2\/product_brand?post=508"},{"taxonomy":"product_cat","embeddable":true,"href":"https:\/\/dozispastries.com\/en\/wp-json\/wp\/v2\/product_cat?post=508"},{"taxonomy":"product_tag","embeddable":true,"href":"https:\/\/dozispastries.com\/en\/wp-json\/wp\/v2\/product_tag?post=508"}],"curies":[{"name":"wp","href":"https:\/\/api.w.org\/{rel}","templated":true}]}}