{"id":513,"date":"2025-11-18T17:56:23","date_gmt":"2025-11-18T17:56:23","guid":{"rendered":"https:\/\/dozispastries.com\/?post_type=product&#038;p=513"},"modified":"2026-01-19T14:34:45","modified_gmt":"2026-01-19T14:34:45","slug":"gyorsfagyasztott-peak-csokis","status":"publish","type":"product","link":"https:\/\/dozispastries.com\/en\/uzlet\/gyorsfagyasztott\/gyorsfagyasztott-peak-csokis\/","title":{"rendered":"Gyorsfagyasztott Peak csokis (12 db \/ csomag)"},"content":{"rendered":"<p><strong>\u00d6sszetev\u0151k:<\/strong> B\u00fazaliszt, v\u00edz, teh\u00e9ntej, cukor, vadkov\u00e1sz, vaj, \u00e9leszt\u0151, s\u00f3, frost (aszkorbinsav), toj\u00e1s. T\u00f6ltel\u00e9k: V\u00edz, cukor,kaka\u00f3por, kukorica kem\u00e9ny\u00edt\u0151, tejpor, arom\u00e1k, s\u00f3, rum, Belga csoki r\u00fad (cukor, kaka\u00f3massza, kaka\u00f3vaj,sz\u00f3jalecitin, van\u00edlia aroma)<\/p>\n<p><strong>Allerg\u00e9n:<\/strong> Glut\u00e9n, Tejterm\u00e9k, Toj\u00e1s, Sz\u00f3ja<\/p>\n<p><strong>Fagyasztott term\u00e9k Inform\u00e1ci\u00f3:<\/strong> -18C\u00b0-on, felengedett term\u00e9ket visszafagyasztani tilos! Min\u0151s\u00e9g\u00e9t meg\u0151rzi a gy\u00e1rt\u00e1st\u00f3l sz\u00e1m\u00edtott 60 napig.<br \/>\nElk\u00e9sz\u00edt\u00e9si javaslat: Fagyos \u00e1llapotban s\u00fct\u0151lemezre t\u00e9ve 1. F\u00e1zis: g\u0151z\u00f6s s\u00fct\u0151ben 120\u00b0C-on 15 perc majd 2. f\u00e1zis: 170\u00b0C-on 20-25 perc.<\/p>","protected":false},"excerpt":{"rendered":"<p>\u00d6sszetev\u0151k: B\u00fazaliszt, v\u00edz, teh\u00e9ntej, cukor, vadkov\u00e1sz, vaj, \u00e9leszt\u0151, s\u00f3, frost (aszkorbinsav), toj\u00e1s. T\u00f6ltel\u00e9k: V\u00edz, cukor,kaka\u00f3por, kukorica kem\u00e9ny\u00edt\u0151, tejpor, arom\u00e1k, s\u00f3, rum, Belga csoki r\u00fad (cukor, kaka\u00f3massza, kaka\u00f3vaj,sz\u00f3jalecitin, van\u00edlia aroma) Allerg\u00e9n: Glut\u00e9n, Tejterm\u00e9k, Toj\u00e1s, Sz\u00f3ja Fagyasztott term\u00e9k Inform\u00e1ci\u00f3: -18C\u00b0-on, felengedett term\u00e9ket visszafagyasztani tilos! Min\u0151s\u00e9g\u00e9t meg\u0151rzi a gy\u00e1rt\u00e1st\u00f3l sz\u00e1m\u00edtott 60 napig. Elk\u00e9sz\u00edt\u00e9si javaslat: Fagyos \u00e1llapotban s\u00fct\u0151lemezre t\u00e9ve [&hellip;]<\/p>\n","protected":false},"featured_media":514,"template":"","meta":{"_et_pb_use_builder":"","_et_pb_old_content":"","_et_gb_content_width":""},"product_brand":[],"product_cat":[25],"product_tag":[],"class_list":{"0":"post-513","1":"product","2":"type-product","3":"status-publish","4":"has-post-thumbnail","6":"product_cat-gyorsfagyasztott","8":"first","9":"instock","10":"taxable","11":"shipping-taxable","12":"purchasable","13":"product-type-simple"},"_links":{"self":[{"href":"https:\/\/dozispastries.com\/en\/wp-json\/wp\/v2\/product\/513","targetHints":{"allow":["GET"]}}],"collection":[{"href":"https:\/\/dozispastries.com\/en\/wp-json\/wp\/v2\/product"}],"about":[{"href":"https:\/\/dozispastries.com\/en\/wp-json\/wp\/v2\/types\/product"}],"wp:featuredmedia":[{"embeddable":true,"href":"https:\/\/dozispastries.com\/en\/wp-json\/wp\/v2\/media\/514"}],"wp:attachment":[{"href":"https:\/\/dozispastries.com\/en\/wp-json\/wp\/v2\/media?parent=513"}],"wp:term":[{"taxonomy":"product_brand","embeddable":true,"href":"https:\/\/dozispastries.com\/en\/wp-json\/wp\/v2\/product_brand?post=513"},{"taxonomy":"product_cat","embeddable":true,"href":"https:\/\/dozispastries.com\/en\/wp-json\/wp\/v2\/product_cat?post=513"},{"taxonomy":"product_tag","embeddable":true,"href":"https:\/\/dozispastries.com\/en\/wp-json\/wp\/v2\/product_tag?post=513"}],"curies":[{"name":"wp","href":"https:\/\/api.w.org\/{rel}","templated":true}]}}